{"id":1743,"date":"2018-05-29T11:14:04","date_gmt":"2018-05-29T11:14:04","guid":{"rendered":"http:\/\/xtratheme.com\/default\/?page_id=17"},"modified":"2022-09-02T10:58:29","modified_gmt":"2022-09-02T10:58:29","slug":"kontakt","status":"publish","type":"page","link":"https:\/\/3mk.cz\/en\/kontakt\/","title":{"rendered":"Kontakt"},"content":{"rendered":"<div data-elementor-type=\"wp-page\" data-elementor-id=\"1743\" class=\"elementor elementor-1743\">\n\t\t\t\t\t\t\t\t\t<section class=\"elementor-section elementor-top-section elementor-element elementor-element-487bd07 elementor-section-boxed elementor-section-height-default elementor-section-height-default\" data-id=\"487bd07\" data-element_type=\"section\">\n\t\t\t\t\t\t<div class=\"elementor-container elementor-column-gap-default\">\n\t\t\t\t\t<div class=\"elementor-column elementor-col-100 elementor-top-column elementor-element elementor-element-4f50ac2\" data-id=\"4f50ac2\" data-element_type=\"column\">\n\t\t\t<div class=\"elementor-widget-wrap elementor-element-populated\">\n\t\t\t\t\t\t\t\t<div class=\"elementor-element elementor-element-788b62f elementor-widget elementor-widget-cz_image\" data-id=\"788b62f\" data-element_type=\"widget\" data-widget_type=\"cz_image.default\">\n\t\t\t\t<div class=\"elementor-widget-container\">\n\t\t\t\r\n\t\t<div class=\"cz_image clr cz_image_no_fx center_on_mobile\">\r\n\r\n\t\t\t<div>\r\n\r\n\t\t\t\t<div class=\"cz_image_in\">\r\n\r\n\t\t\t\t\t<div class=\"cz_main_image\"><img decoding=\"async\" width=\"2342\" height=\"1181\" src=\"data:image\/svg+xml,%3Csvg%20xmlns%3D&#39;http%3A%2F%2Fwww.w3.org%2F2000%2Fsvg&#39;%20width=&#39;2342&#39;%20height=&#39;1181&#39;%20viewBox%3D&#39;0%200%202342%201181&#39;%2F%3E\" data-czlz data-src=\"https:\/\/3mk.cz\/wp-content\/uploads\/2022\/08\/20220713_194012-1-scaled-e1661330760856.jpg\" class=\"attachment-full size-full wp-image-1758\" alt=\"\" data-srcset=\"https:\/\/3mk.cz\/wp-content\/uploads\/2022\/08\/20220713_194012-1-scaled-e1661330760856.jpg 2342w, https:\/\/3mk.cz\/wp-content\/uploads\/2022\/08\/20220713_194012-1-scaled-e1661330760856-300x151.jpg 300w, https:\/\/3mk.cz\/wp-content\/uploads\/2022\/08\/20220713_194012-1-scaled-e1661330760856-1024x516.jpg 1024w, https:\/\/3mk.cz\/wp-content\/uploads\/2022\/08\/20220713_194012-1-scaled-e1661330760856-768x387.jpg 768w, https:\/\/3mk.cz\/wp-content\/uploads\/2022\/08\/20220713_194012-1-scaled-e1661330760856-1536x775.jpg 1536w, https:\/\/3mk.cz\/wp-content\/uploads\/2022\/08\/20220713_194012-1-scaled-e1661330760856-2048x1033.jpg 2048w, https:\/\/3mk.cz\/wp-content\/uploads\/2022\/08\/20220713_194012-1-scaled-e1661330760856-18x9.jpg 18w, https:\/\/3mk.cz\/wp-content\/uploads\/2022\/08\/20220713_194012-1-scaled-e1661330760856-600x303.jpg 600w\" data-sizes=\"(max-width: 2342px) 100vw, 2342px\" \/><\/div>\r\n\r\n\t\t\t\t\t<div class=\"cz_hover_image\"><img decoding=\"async\" width=\"2342\" height=\"1181\" src=\"data:image\/svg+xml,%3Csvg%20xmlns%3D&#39;http%3A%2F%2Fwww.w3.org%2F2000%2Fsvg&#39;%20width=&#39;2342&#39;%20height=&#39;1181&#39;%20viewBox%3D&#39;0%200%202342%201181&#39;%2F%3E\" data-czlz data-src=\"https:\/\/3mk.cz\/wp-content\/uploads\/2022\/08\/20220713_194012-1-scaled-e1661330760856.jpg\" class=\"attachment-full size-full wp-image-1758\" alt=\"\" data-srcset=\"https:\/\/3mk.cz\/wp-content\/uploads\/2022\/08\/20220713_194012-1-scaled-e1661330760856.jpg 2342w, https:\/\/3mk.cz\/wp-content\/uploads\/2022\/08\/20220713_194012-1-scaled-e1661330760856-300x151.jpg 300w, https:\/\/3mk.cz\/wp-content\/uploads\/2022\/08\/20220713_194012-1-scaled-e1661330760856-1024x516.jpg 1024w, https:\/\/3mk.cz\/wp-content\/uploads\/2022\/08\/20220713_194012-1-scaled-e1661330760856-768x387.jpg 768w, https:\/\/3mk.cz\/wp-content\/uploads\/2022\/08\/20220713_194012-1-scaled-e1661330760856-1536x775.jpg 1536w, https:\/\/3mk.cz\/wp-content\/uploads\/2022\/08\/20220713_194012-1-scaled-e1661330760856-2048x1033.jpg 2048w, https:\/\/3mk.cz\/wp-content\/uploads\/2022\/08\/20220713_194012-1-scaled-e1661330760856-18x9.jpg 18w, https:\/\/3mk.cz\/wp-content\/uploads\/2022\/08\/20220713_194012-1-scaled-e1661330760856-600x303.jpg 600w\" data-sizes=\"(max-width: 2342px) 100vw, 2342px\" \/><\/div>\r\n\t\t\t\t<\/div>\r\n\r\n\t\t\t\t\r\n\t\t\t<\/div>\r\n\r\n\t\t<\/div>\r\n\r\n\t\t\t\t<\/div>\n\t\t\t\t<\/div>\n\t\t\t\t\t<\/div>\n\t\t<\/div>\n\t\t\t\t\t\t\t<\/div>\n\t\t<\/section>\n\t\t\t\t<section class=\"elementor-section elementor-top-section elementor-element elementor-element-74b9b35 elementor-section-boxed elementor-section-height-default elementor-section-height-default\" data-id=\"74b9b35\" data-element_type=\"section\">\n\t\t\t\t\t\t<div class=\"elementor-container elementor-column-gap-default\">\n\t\t\t\t\t<div class=\"elementor-column elementor-col-66 elementor-top-column elementor-element elementor-element-8360f80\" data-id=\"8360f80\" data-element_type=\"column\">\n\t\t\t<div class=\"elementor-widget-wrap elementor-element-populated\">\n\t\t\t\t\t\t\t\t<div class=\"elementor-element elementor-element-3c17b04 elementor-widget elementor-widget-cz_gap\" data-id=\"3c17b04\" data-element_type=\"widget\" data-widget_type=\"cz_gap.default\">\n\t\t\t\t<div class=\"elementor-widget-container\">\n\t\t\t<div class=\"cz_gap clr\"><\/div>\t\t<\/div>\n\t\t\t\t<\/div>\n\t\t\t\t<div class=\"elementor-element elementor-element-d3baff9 elementor-widget elementor-widget-cz_title\" data-id=\"d3baff9\" data-element_type=\"widget\" data-widget_type=\"cz_title.default\">\n\t\t\t\t<div class=\"elementor-widget-container\">\n\t\t\t\t\r\n\t\t<div>\r\n\t\t\t<div class=\"cz_title clr cz_smart_fs cz_mobile_text_center cz_title_pos_center tac\"><div class=\"cz_title_shape shape_text cz_shape_1\"><\/div><div class=\"cz_title_content\"><div class=\"cz_wpe_content\"><h3 style=\"text-align: center;\"><span style=\"font-size: 50px;\">Michal <br><br><br><br><br><br>L\u00e1n\u00edk<\/span><\/h3><\/div><\/div><\/div>\r\n\t\t<\/div>\r\n\t\t\r\n\t\t\t\t<\/div>\n\t\t\t\t<\/div>\n\t\t\t\t<div class=\"elementor-element elementor-element-310e9b1 elementor-widget elementor-widget-cz_title\" data-id=\"310e9b1\" data-element_type=\"widget\" data-widget_type=\"cz_title.default\">\n\t\t\t\t<div class=\"elementor-widget-container\">\n\t\t\t\t\r\n\t\t<div>\r\n\t\t\t<div class=\"cz_title clr cz_title_pos_inline tac\"><div class=\"cz_title_content\"><div class=\"cz_wpe_content\"><p style=\"text-align: center;\"><span style=\"font-size: 18px; color: #ffffff;\"><span style=\"color: #ffffff;\"><span style=\"font-size: 18px;\">Mobil<br \/><span style=\"color: #000000;\"><strong>+420 602 523 320<\/strong><\/span><br \/>Email<br \/><span style=\"color: #000000;\"><strong>3mk@3mk.cz<\/strong><\/span><\/span><\/span><\/span><\/p><p>\u00a0<\/p><p>V p\u0159\u00edpad\u011b jak\u00e9hokoliv dotazu n\u00e1s nev\u00e1hejte kontaktovat prost\u0159ednictv\u00edm uveden\u00e9ho telefonn\u00edho \u010d\u00edsla, emailu nebo vyu\u017eijte p\u0159\u00edmo <br \/>kontaktn\u00edho formul\u00e1\u0159e.<\/p><\/div><\/div><\/div>\r\n\t\t<\/div>\r\n\t\t\r\n\t\t\t\t<\/div>\n\t\t\t\t<\/div>\n\t\t\t\t<div class=\"elementor-element elementor-element-189a449 elementor-widget elementor-widget-cz_gap\" data-id=\"189a449\" data-element_type=\"widget\" data-widget_type=\"cz_gap.default\">\n\t\t\t\t<div class=\"elementor-widget-container\">\n\t\t\t<div class=\"cz_gap clr\"><\/div>\t\t<\/div>\n\t\t\t\t<\/div>\n\t\t\t\t<div class=\"elementor-element elementor-element-d59cc89 elementor-widget elementor-widget-cz_contact_form_7\" data-id=\"d59cc89\" data-element_type=\"widget\" data-widget_type=\"cz_contact_form_7.default\">\n\t\t\t\t<div class=\"elementor-widget-container\">\n\t\t\t\t\t<div class=\"cz_cf7 clr\">\r\n\t\t\t<div>\n<div class=\"wpcf7 no-js\" id=\"wpcf7-f126-o1\" lang=\"en-US\" dir=\"ltr\">\n<div class=\"screen-reader-response\"><p role=\"status\" aria-live=\"polite\" aria-atomic=\"true\"><\/p> <ul><\/ul><\/div>\n<form action=\"\/en\/wp-json\/wp\/v2\/pages\/1743#wpcf7-f126-o1\" method=\"post\" class=\"wpcf7-form init\" aria-label=\"Contact form\" novalidate=\"novalidate\" data-status=\"init\" data-trp-original-action=\"\/en\/wp-json\/wp\/v2\/pages\/1743#wpcf7-f126-o1\">\n<div style=\"display: none;\">\n<input type=\"hidden\" name=\"_wpcf7\" value=\"126\" \/>\n<input type=\"hidden\" name=\"_wpcf7_version\" value=\"5.7.6\" \/>\n<input type=\"hidden\" name=\"_wpcf7_locale\" value=\"en_US\" \/>\n<input type=\"hidden\" name=\"_wpcf7_unit_tag\" value=\"wpcf7-f126-o1\" \/>\n<input type=\"hidden\" name=\"_wpcf7_container_post\" value=\"0\" \/>\n<input type=\"hidden\" name=\"_wpcf7_posted_data_hash\" value=\"\" \/>\n<input type=\"hidden\" name=\"_wpcf7_recaptcha_response\" value=\"\" \/>\n<\/div>\n<p><span class=\"wpcf7-form-control-wrap\" data-name=\"your-name\"><input size=\"40\" class=\"wpcf7-form-control wpcf7-text wpcf7-validates-as-required\" aria-required=\"true\" aria-invalid=\"false\" placeholder=\"Va\u0161e jm\u00e9no (*)\" value=\"\" type=\"text\" name=\"your-name\" \/><\/span>\n<\/p>\n<p><span class=\"wpcf7-form-control-wrap\" data-name=\"your-email\"><input size=\"40\" class=\"wpcf7-form-control wpcf7-text wpcf7-email wpcf7-validates-as-required wpcf7-validates-as-email\" aria-required=\"true\" aria-invalid=\"false\" placeholder=\"V\u00e1\u0161 Email (*)\" value=\"\" type=\"email\" name=\"your-email\" \/><\/span>\n<\/p>\n<p><span class=\"wpcf7-form-control-wrap\" data-name=\"your-subject\"><input size=\"40\" class=\"wpcf7-form-control wpcf7-text\" aria-invalid=\"false\" placeholder=\"O co se jedn\u00e1?\" value=\"\" type=\"text\" name=\"your-subject\" \/><\/span>\n<\/p>\n<p><span class=\"wpcf7-form-control-wrap\" data-name=\"your-message\"><textarea cols=\"40\" rows=\"10\" class=\"wpcf7-form-control wpcf7-textarea\" aria-invalid=\"false\" placeholder=\"Va\u0161e zpr\u00e1va\" name=\"your-message\"><\/textarea><\/span>\n<\/p>\n<p><input class=\"wpcf7-form-control has-spinner wpcf7-submit\" type=\"submit\" value=\"Odeslat\" \/>\n<\/p><div class=\"wpcf7-response-output\" aria-hidden=\"true\"><\/div>\n<input type=\"hidden\" name=\"trp-form-language\" value=\"en\"\/><\/form>\n<\/div>\n<\/div>\r\n\t\t<\/div>\r\n\t\t\t\t<\/div>\n\t\t\t\t<\/div>\n\t\t\t\t\t<\/div>\n\t\t<\/div>\n\t\t\t\t<div class=\"elementor-column elementor-col-33 elementor-top-column elementor-element elementor-element-089d53f\" data-id=\"089d53f\" data-element_type=\"column\">\n\t\t\t<div class=\"elementor-widget-wrap elementor-element-populated\">\n\t\t\t\t\t\t\t\t<div class=\"elementor-element elementor-element-3f63b68 elementor-widget elementor-widget-cz_gap\" data-id=\"3f63b68\" data-element_type=\"widget\" data-widget_type=\"cz_gap.default\">\n\t\t\t\t<div class=\"elementor-widget-container\">\n\t\t\t<div class=\"cz_gap clr\"><\/div>\t\t<\/div>\n\t\t\t\t<\/div>\n\t\t\t\t<div class=\"elementor-element elementor-element-cbc4a17 elementor-widget elementor-widget-google_maps\" data-id=\"cbc4a17\" data-element_type=\"widget\" data-widget_type=\"google_maps.default\">\n\t\t\t\t<div class=\"elementor-widget-container\">\n\t\t\t<style>\/*! elementor - v3.12.2 - 23-04-2023 *\/\n.elementor-widget-google_maps .elementor-widget-container{overflow:hidden}.elementor-widget-google_maps .elementor-custom-embed{line-height:0}.elementor-widget-google_maps iframe{height:300px}<\/style>\t\t<div class=\"elementor-custom-embed\">\n\t\t\t<iframe loading=\"lazy\"\n\t\t\t\t\tsrc=\"https:\/\/maps.google.com\/maps?q=K%C5%99enovsk%C3%A1%201425%2C%20752%2001%20Kojet%C3%ADn&#038;t=m&#038;z=11&#038;output=embed&#038;iwloc=near\"\n\t\t\t\t\ttitle=\"K\u0159enovsk\u00e1 1425, 752 01 Kojet\u00edn\"\n\t\t\t\t\taria-label=\"K\u0159enovsk\u00e1 1425, 752 01 Kojet\u00edn\"\n\t\t\t><\/iframe>\n\t\t<\/div>\n\t\t\t\t<\/div>\n\t\t\t\t<\/div>\n\t\t\t\t\t<\/div>\n\t\t<\/div>\n\t\t\t\t\t\t\t<\/div>\n\t\t<\/section>\n\t\t\t\t\t\t\t<\/div>","protected":false},"excerpt":{"rendered":"<p>Michal L\u00e1n\u00edk Mobil+420 602 523 320Email3mk@3mk.cz \u00a0 V p\u0159\u00edpad\u011b jak\u00e9hokoliv dotazu &#8230; <\/p>","protected":false},"author":1,"featured_media":0,"parent":0,"menu_order":0,"comment_status":"closed","ping_status":"closed","template":"","meta":[],"yoast_head":"<!-- This site is optimized with the Yoast SEO plugin v20.5 - https:\/\/yoast.com\/wordpress\/plugins\/seo\/ -->\n<title>Kontakt - 3MK S.R.O.<\/title>\n<meta name=\"description\" content=\"Spole\u010dnost 3MK s.r.o. Nab\u00edz\u00edme pron\u00e1jem sk\u00e1kac\u00edch Hrad\u016f v okol\u00ed Krom\u011b\u0159\u00ed\u017ee a tak\u00e9 prodej dom\u00e1c\u00edho medu z na\u0161\u00ed v\u010delnice.\" \/>\n<meta name=\"robots\" content=\"index, follow, max-snippet:-1, max-image-preview:large, max-video-preview:-1\" \/>\n<link rel=\"canonical\" href=\"https:\/\/3mk.cz\/en\/kontakt\/\" \/>\n<meta property=\"og:locale\" content=\"en_GB\" \/>\n<meta property=\"og:type\" content=\"article\" \/>\n<meta property=\"og:title\" content=\"Pron\u00e1jem sk\u00e1kac\u00edch Hrad\u016f Krom\u011b\u0159\u00ed\u017e a okol\u00ed - 3MK s.r.o.\" \/>\n<meta property=\"og:description\" content=\"Spole\u010dnost 3MK s.r.o. Nab\u00edz\u00edme pron\u00e1jem sk\u00e1kac\u00edch Hrad\u016f v okol\u00ed Krom\u011b\u0159\u00ed\u017ee a tak\u00e9 prodej dom\u00e1c\u00edho medu z na\u0161\u00ed v\u010delnice.\" \/>\n<meta property=\"og:url\" content=\"https:\/\/3mk.cz\/en\/kontakt\/\" \/>\n<meta property=\"og:site_name\" content=\"3MK S.R.O.\" \/>\n<meta property=\"article:modified_time\" content=\"2022-09-02T10:58:29+00:00\" \/>\n<meta property=\"og:image\" content=\"https:\/\/3mk.cz\/wp-content\/uploads\/2022\/08\/Pronajem-skakacich-hradu-viz.jpg\" \/>\n\t<meta property=\"og:image:width\" content=\"1066\" \/>\n\t<meta property=\"og:image:height\" content=\"594\" \/>\n\t<meta property=\"og:image:type\" content=\"image\/jpeg\" \/>\n<meta name=\"twitter:card\" content=\"summary_large_image\" \/>\n<meta name=\"twitter:label1\" content=\"Estimated reading time\" \/>\n\t<meta name=\"twitter:data1\" content=\"1 minute\" \/>\n<script type=\"application\/ld+json\" class=\"yoast-schema-graph\">{\"@context\":\"https:\/\/schema.org\",\"@graph\":[{\"@type\":\"WebPage\",\"@id\":\"https:\/\/3mk.cz\/kontakt\/\",\"url\":\"https:\/\/3mk.cz\/kontakt\/\",\"name\":\"Kontakt - 3MK S.R.O.\",\"isPartOf\":{\"@id\":\"https:\/\/3mk.cz\/#website\"},\"datePublished\":\"2018-05-29T11:14:04+00:00\",\"dateModified\":\"2022-09-02T10:58:29+00:00\",\"description\":\"Spole\u010dnost 3MK s.r.o. Nab\u00edz\u00edme pron\u00e1jem sk\u00e1kac\u00edch Hrad\u016f v okol\u00ed Krom\u011b\u0159\u00ed\u017ee a tak\u00e9 prodej dom\u00e1c\u00edho medu z na\u0161\u00ed v\u010delnice.\",\"breadcrumb\":{\"@id\":\"https:\/\/3mk.cz\/kontakt\/#breadcrumb\"},\"inLanguage\":\"en-GB\",\"potentialAction\":[{\"@type\":\"ReadAction\",\"target\":[\"https:\/\/3mk.cz\/kontakt\/\"]}]},{\"@type\":\"BreadcrumbList\",\"@id\":\"https:\/\/3mk.cz\/kontakt\/#breadcrumb\",\"itemListElement\":[{\"@type\":\"ListItem\",\"position\":1,\"name\":\"Dom\u016f\",\"item\":\"https:\/\/3mk.cz\/\"},{\"@type\":\"ListItem\",\"position\":2,\"name\":\"Kontakt\"}]},{\"@type\":\"WebSite\",\"@id\":\"https:\/\/3mk.cz\/#website\",\"url\":\"https:\/\/3mk.cz\/\",\"name\":\"3MK S.R.O.\",\"description\":\"Pron\u00e1jem sk\u00e1kac\u00edch hrad\u016f\",\"publisher\":{\"@id\":\"https:\/\/3mk.cz\/#organization\"},\"potentialAction\":[{\"@type\":\"SearchAction\",\"target\":{\"@type\":\"EntryPoint\",\"urlTemplate\":\"https:\/\/3mk.cz\/?s={search_term_string}\"},\"query-input\":\"required name=search_term_string\"}],\"inLanguage\":\"en-GB\"},{\"@type\":\"Organization\",\"@id\":\"https:\/\/3mk.cz\/#organization\",\"name\":\"3MK S.R.O.\",\"url\":\"https:\/\/3mk.cz\/\",\"logo\":{\"@type\":\"ImageObject\",\"inLanguage\":\"en-GB\",\"@id\":\"https:\/\/3mk.cz\/#\/schema\/logo\/image\/\",\"url\":\"https:\/\/3mk.cz\/wp-content\/uploads\/2022\/08\/456.jpg\",\"contentUrl\":\"https:\/\/3mk.cz\/wp-content\/uploads\/2022\/08\/456.jpg\",\"width\":1516,\"height\":425,\"caption\":\"3MK S.R.O.\"},\"image\":{\"@id\":\"https:\/\/3mk.cz\/#\/schema\/logo\/image\/\"}}]}<\/script>\n<!-- \/ Yoast SEO plugin. -->","yoast_head_json":{"title":"Kontakt - 3MK S.R.O.","description":"Spole\u010dnost 3MK s.r.o. Nab\u00edz\u00edme pron\u00e1jem sk\u00e1kac\u00edch Hrad\u016f v okol\u00ed Krom\u011b\u0159\u00ed\u017ee a tak\u00e9 prodej dom\u00e1c\u00edho medu z na\u0161\u00ed v\u010delnice.","robots":{"index":"index","follow":"follow","max-snippet":"max-snippet:-1","max-image-preview":"max-image-preview:large","max-video-preview":"max-video-preview:-1"},"canonical":"https:\/\/3mk.cz\/en\/kontakt\/","og_locale":"en_GB","og_type":"article","og_title":"Pron\u00e1jem sk\u00e1kac\u00edch Hrad\u016f Krom\u011b\u0159\u00ed\u017e a okol\u00ed - 3MK s.r.o.","og_description":"Spole\u010dnost 3MK s.r.o. Nab\u00edz\u00edme pron\u00e1jem sk\u00e1kac\u00edch Hrad\u016f v okol\u00ed Krom\u011b\u0159\u00ed\u017ee a tak\u00e9 prodej dom\u00e1c\u00edho medu z na\u0161\u00ed v\u010delnice.","og_url":"https:\/\/3mk.cz\/en\/kontakt\/","og_site_name":"3MK S.R.O.","article_modified_time":"2022-09-02T10:58:29+00:00","og_image":[{"width":1066,"height":594,"url":"https:\/\/3mk.cz\/wp-content\/uploads\/2022\/08\/Pronajem-skakacich-hradu-viz.jpg","type":"image\/jpeg"}],"twitter_card":"summary_large_image","twitter_misc":{"Estimated reading time":"1 minute"},"schema":{"@context":"https:\/\/schema.org","@graph":[{"@type":"WebPage","@id":"https:\/\/3mk.cz\/kontakt\/","url":"https:\/\/3mk.cz\/kontakt\/","name":"Kontakt - 3MK S.R.O.","isPartOf":{"@id":"https:\/\/3mk.cz\/#website"},"datePublished":"2018-05-29T11:14:04+00:00","dateModified":"2022-09-02T10:58:29+00:00","description":"Spole\u010dnost 3MK s.r.o. Nab\u00edz\u00edme pron\u00e1jem sk\u00e1kac\u00edch Hrad\u016f v okol\u00ed Krom\u011b\u0159\u00ed\u017ee a tak\u00e9 prodej dom\u00e1c\u00edho medu z na\u0161\u00ed v\u010delnice.","breadcrumb":{"@id":"https:\/\/3mk.cz\/kontakt\/#breadcrumb"},"inLanguage":"en-GB","potentialAction":[{"@type":"ReadAction","target":["https:\/\/3mk.cz\/kontakt\/"]}]},{"@type":"BreadcrumbList","@id":"https:\/\/3mk.cz\/kontakt\/#breadcrumb","itemListElement":[{"@type":"ListItem","position":1,"name":"Dom\u016f","item":"https:\/\/3mk.cz\/"},{"@type":"ListItem","position":2,"name":"Kontakt"}]},{"@type":"WebSite","@id":"https:\/\/3mk.cz\/#website","url":"https:\/\/3mk.cz\/","name":"3MK S.R.O.","description":"Pron\u00e1jem sk\u00e1kac\u00edch hrad\u016f","publisher":{"@id":"https:\/\/3mk.cz\/#organization"},"potentialAction":[{"@type":"SearchAction","target":{"@type":"EntryPoint","urlTemplate":"https:\/\/3mk.cz\/?s={search_term_string}"},"query-input":"required name=search_term_string"}],"inLanguage":"en-GB"},{"@type":"Organization","@id":"https:\/\/3mk.cz\/#organization","name":"3MK S.R.O.","url":"https:\/\/3mk.cz\/","logo":{"@type":"ImageObject","inLanguage":"en-GB","@id":"https:\/\/3mk.cz\/#\/schema\/logo\/image\/","url":"https:\/\/3mk.cz\/wp-content\/uploads\/2022\/08\/456.jpg","contentUrl":"https:\/\/3mk.cz\/wp-content\/uploads\/2022\/08\/456.jpg","width":1516,"height":425,"caption":"3MK S.R.O."},"image":{"@id":"https:\/\/3mk.cz\/#\/schema\/logo\/image\/"}}]}},"_links":{"self":[{"href":"https:\/\/3mk.cz\/en\/wp-json\/wp\/v2\/pages\/1743"}],"collection":[{"href":"https:\/\/3mk.cz\/en\/wp-json\/wp\/v2\/pages"}],"about":[{"href":"https:\/\/3mk.cz\/en\/wp-json\/wp\/v2\/types\/page"}],"author":[{"embeddable":true,"href":"https:\/\/3mk.cz\/en\/wp-json\/wp\/v2\/users\/1"}],"replies":[{"embeddable":true,"href":"https:\/\/3mk.cz\/en\/wp-json\/wp\/v2\/comments?post=1743"}],"version-history":[{"count":95,"href":"https:\/\/3mk.cz\/en\/wp-json\/wp\/v2\/pages\/1743\/revisions"}],"predecessor-version":[{"id":2422,"href":"https:\/\/3mk.cz\/en\/wp-json\/wp\/v2\/pages\/1743\/revisions\/2422"}],"wp:attachment":[{"href":"https:\/\/3mk.cz\/en\/wp-json\/wp\/v2\/media?parent=1743"}],"curies":[{"name":"wp","href":"https:\/\/api.w.org\/{rel}","templated":true}]}}