{"id":880,"date":"2018-05-29T11:10:26","date_gmt":"2018-05-29T11:10:26","guid":{"rendered":"http:\/\/xtratheme.com\/default\/?page_id=4"},"modified":"2024-02-12T19:19:39","modified_gmt":"2024-02-12T19:19:39","slug":"domu","status":"publish","type":"page","link":"https:\/\/3mk.cz\/en\/","title":{"rendered":"Dom\u016f"},"content":{"rendered":"<div data-elementor-type=\"wp-page\" data-elementor-id=\"880\" class=\"elementor elementor-880\">\n\t\t\t\t\t\t\t\t\t<section class=\"elementor-section elementor-top-section elementor-element elementor-element-e7b57b9 elementor-section-boxed elementor-section-height-default elementor-section-height-default\" data-id=\"e7b57b9\" data-element_type=\"section\">\n\t\t\t\t\t\t<div class=\"elementor-container elementor-column-gap-default\">\n\t\t\t\t\t<div class=\"elementor-column elementor-col-100 elementor-top-column elementor-element elementor-element-9451ad6\" data-id=\"9451ad6\" data-element_type=\"column\">\n\t\t\t<div class=\"elementor-widget-wrap elementor-element-populated\">\n\t\t\t\t\t\t\t\t<div class=\"elementor-element elementor-element-94e13c2 elementor-widget elementor-widget-cz_gap\" data-id=\"94e13c2\" data-element_type=\"widget\" data-widget_type=\"cz_gap.default\">\n\t\t\t\t<div class=\"elementor-widget-container\">\n\t\t\t<div class=\"cz_gap clr\"><\/div>\t\t<\/div>\n\t\t\t\t<\/div>\n\t\t\t\t<div class=\"elementor-element elementor-element-9fb8ca3 elementor-hidden-tablet elementor-hidden-mobile elementor-widget elementor-widget-cz_title\" data-id=\"9fb8ca3\" data-element_type=\"widget\" data-widget_type=\"cz_title.default\">\n\t\t\t\t<div class=\"elementor-widget-container\">\n\t\t\t\t\r\n\t\t<div>\r\n\t\t\t<div class=\"cz_title clr cz_smart_fs cz_mobile_text_center cz_title_pos_inline\"><div class=\"cz_title_shape shape_text cz_shape_1\"><\/div><div class=\"cz_title_content\"><div class=\"cz_wpe_content\"><h3><span style=\"color: #302f61;\"><span style=\"font-size: 50px;\">PRON\u00c1JEM <\/span><\/span><span style=\"font-size: 50px; color: #302f61;\">SK\u00c1KAC\u00cdCH HRAD\u016e<\/span><\/h3><h3>\u00a0<\/h3><\/div><\/div><\/div>\r\n\t\t<\/div>\r\n\t\t\r\n\t\t\t\t<\/div>\n\t\t\t\t<\/div>\n\t\t\t\t<section class=\"elementor-section elementor-inner-section elementor-element elementor-element-db91999 elementor-section-boxed elementor-section-height-default elementor-section-height-default\" data-id=\"db91999\" data-element_type=\"section\">\n\t\t\t\t\t\t<div class=\"elementor-container elementor-column-gap-default\">\n\t\t\t\t\t<div class=\"elementor-column elementor-col-50 elementor-inner-column elementor-element elementor-element-458ef93\" data-id=\"458ef93\" data-element_type=\"column\">\n\t\t\t<div class=\"elementor-widget-wrap elementor-element-populated\">\n\t\t\t\t\t\t\t\t<div class=\"elementor-element elementor-element-40f25ed elementor-widget elementor-widget-spacer\" data-id=\"40f25ed\" data-element_type=\"widget\" data-widget_type=\"spacer.default\">\n\t\t\t\t<div class=\"elementor-widget-container\">\n\t\t\t<style>\/*! elementor - v3.12.2 - 23-04-2023 *\/\n.elementor-column .elementor-spacer-inner{height:var(--spacer-size)}.e-con{--container-widget-width:100%}.e-con-inner>.elementor-widget-spacer,.e-con>.elementor-widget-spacer{width:var(--container-widget-width,var(--spacer-size));--align-self:var(--container-widget-align-self,initial);--flex-shrink:0}.e-con-inner>.elementor-widget-spacer>.elementor-widget-container,.e-con-inner>.elementor-widget-spacer>.elementor-widget-container>.elementor-spacer,.e-con>.elementor-widget-spacer>.elementor-widget-container,.e-con>.elementor-widget-spacer>.elementor-widget-container>.elementor-spacer{height:100%}.e-con-inner>.elementor-widget-spacer>.elementor-widget-container>.elementor-spacer>.elementor-spacer-inner,.e-con>.elementor-widget-spacer>.elementor-widget-container>.elementor-spacer>.elementor-spacer-inner{height:var(--container-widget-height,var(--spacer-size))}<\/style>\t\t<div class=\"elementor-spacer\">\n\t\t\t<div class=\"elementor-spacer-inner\"><\/div>\n\t\t<\/div>\n\t\t\t\t<\/div>\n\t\t\t\t<\/div>\n\t\t\t\t<div class=\"elementor-element elementor-element-c19f97d elementor-hidden-desktop elementor-widget elementor-widget-cz_title\" data-id=\"c19f97d\" data-element_type=\"widget\" data-widget_type=\"cz_title.default\">\n\t\t\t\t<div class=\"elementor-widget-container\">\n\t\t\t\t\r\n\t\t<div>\r\n\t\t\t<div class=\"cz_title clr cz_smart_fs cz_mobile_text_center cz_title_pos_inline\"><div class=\"cz_title_shape shape_text cz_shape_1\"><\/div><div class=\"cz_title_content\"><div class=\"cz_wpe_content\"><p>Pronaj\u00edm\u00e1me sk\u00e1kac\u00ed atrakce.<\/p><\/div><\/div><\/div>\r\n\t\t<\/div>\r\n\t\t\r\n\t\t\t\t<\/div>\n\t\t\t\t<\/div>\n\t\t\t\t<div class=\"elementor-element elementor-element-9c3ad53 elementor-widget elementor-widget-cz_title\" data-id=\"9c3ad53\" data-element_type=\"widget\" data-widget_type=\"cz_title.default\">\n\t\t\t\t<div class=\"elementor-widget-container\">\n\t\t\t\t\r\n\t\t<div>\r\n\t\t\t<div class=\"cz_title clr cz_mobile_text_center cz_title_pos_inline\"><div class=\"cz_title_content\"><div class=\"cz_wpe_content\"><p>Pl\u00e1nujete svatbu, velkou nebo malou rodinnou se\u0161lost, firemn\u00ed akci, hody nebo chcete Va\u0161im d\u011btem ud\u011blat p\u011bknou d\u011btskou p\u00e1rty?<\/p><p>Co tak si u n\u00e1s pronajmout sk\u00e1kac\u00ed hrad!?\u00a0 \ud83d\ude42<\/p><p>Na\u0161e sk\u00e1kac\u00ed hrady\u00a0jsou profesion\u00e1ln\u00ed nafukovac\u00ed atrakce a budou skv\u011bl\u00fdm dopl\u0148kem na jak\u00fdkoli typ akce, kdy v\u00e1s i va\u0161e d\u011bti na dlouho zabav\u00ed.\u00a0<\/p><p>Po p\u0159edchoz\u00edch zku\u0161enostech moc dob\u0159e v\u00edme, \u017ee si na\u0161e atrakce neu\u017e\u00edvaj\u00ed jen d\u011bti, ale i dosp\u011bl\u00ed!<\/p><\/div><\/div><\/div>\r\n\t\t<\/div>\r\n\t\t\r\n\t\t\t\t<\/div>\n\t\t\t\t<\/div>\n\t\t\t\t\t<\/div>\n\t\t<\/div>\n\t\t\t\t<div class=\"elementor-column elementor-col-50 elementor-inner-column elementor-element elementor-element-b5724c5\" data-id=\"b5724c5\" data-element_type=\"column\">\n\t\t\t<div class=\"elementor-widget-wrap elementor-element-populated\">\n\t\t\t\t\t\t\t\t<div class=\"elementor-element elementor-element-6dae180 elementor-widget elementor-widget-cz_image\" data-id=\"6dae180\" data-element_type=\"widget\" data-widget_type=\"cz_image.default\">\n\t\t\t\t<div class=\"elementor-widget-container\">\n\t\t\t\r\n\t\t<div class=\"cz_image clr cz_image_no_fx center_on_mobile\">\r\n\r\n\t\t\t<div class=\"cz_svg_bg\">\r\n\r\n\t\t\t\t<div class=\"cz_image_in\" data-tilt>\r\n\r\n\t\t\t\t\t<div class=\"cz_main_image\"><img decoding=\"async\" width=\"768\" height=\"428\" src=\"data:image\/svg+xml,%3Csvg%20xmlns%3D&#39;http%3A%2F%2Fwww.w3.org%2F2000%2Fsvg&#39;%20width=&#39;768&#39;%20height=&#39;428&#39;%20viewBox%3D&#39;0%200%20768%20428&#39;%2F%3E\" data-czlz data-src=\"https:\/\/3mk.cz\/wp-content\/uploads\/2022\/08\/Pronajem-skakacich-hradu-viz-1-768x428.jpg\" class=\"attachment-medium_large size-medium_large wp-image-1895\" alt=\"\" data-srcset=\"https:\/\/3mk.cz\/wp-content\/uploads\/2022\/08\/Pronajem-skakacich-hradu-viz-1-768x428.jpg 768w, https:\/\/3mk.cz\/wp-content\/uploads\/2022\/08\/Pronajem-skakacich-hradu-viz-1-300x167.jpg 300w, https:\/\/3mk.cz\/wp-content\/uploads\/2022\/08\/Pronajem-skakacich-hradu-viz-1-1024x571.jpg 1024w, https:\/\/3mk.cz\/wp-content\/uploads\/2022\/08\/Pronajem-skakacich-hradu-viz-1-18x10.jpg 18w, https:\/\/3mk.cz\/wp-content\/uploads\/2022\/08\/Pronajem-skakacich-hradu-viz-1-600x334.jpg 600w, https:\/\/3mk.cz\/wp-content\/uploads\/2022\/08\/Pronajem-skakacich-hradu-viz-1.jpg 1066w\" data-sizes=\"(max-width: 768px) 100vw, 768px\" \/><\/div>\r\n\r\n\t\t\t\t\t<div class=\"cz_hover_image\"><img decoding=\"async\" width=\"768\" height=\"428\" src=\"data:image\/svg+xml,%3Csvg%20xmlns%3D&#39;http%3A%2F%2Fwww.w3.org%2F2000%2Fsvg&#39;%20width=&#39;768&#39;%20height=&#39;428&#39;%20viewBox%3D&#39;0%200%20768%20428&#39;%2F%3E\" data-czlz data-src=\"https:\/\/3mk.cz\/wp-content\/uploads\/2022\/08\/Pronajem-skakacich-hradu-viz-1-768x428.jpg\" class=\"attachment-medium_large size-medium_large wp-image-1895\" alt=\"\" data-srcset=\"https:\/\/3mk.cz\/wp-content\/uploads\/2022\/08\/Pronajem-skakacich-hradu-viz-1-768x428.jpg 768w, https:\/\/3mk.cz\/wp-content\/uploads\/2022\/08\/Pronajem-skakacich-hradu-viz-1-300x167.jpg 300w, https:\/\/3mk.cz\/wp-content\/uploads\/2022\/08\/Pronajem-skakacich-hradu-viz-1-1024x571.jpg 1024w, https:\/\/3mk.cz\/wp-content\/uploads\/2022\/08\/Pronajem-skakacich-hradu-viz-1-18x10.jpg 18w, https:\/\/3mk.cz\/wp-content\/uploads\/2022\/08\/Pronajem-skakacich-hradu-viz-1-600x334.jpg 600w, https:\/\/3mk.cz\/wp-content\/uploads\/2022\/08\/Pronajem-skakacich-hradu-viz-1.jpg 1066w\" data-sizes=\"(max-width: 768px) 100vw, 768px\" \/><\/div>\r\n\t\t\t\t<\/div>\r\n\r\n\t\t\t\t\r\n\t\t\t<\/div>\r\n\r\n\t\t<\/div>\r\n\r\n\t\t\t\t<\/div>\n\t\t\t\t<\/div>\n\t\t\t\t\t<\/div>\n\t\t<\/div>\n\t\t\t\t\t\t\t<\/div>\n\t\t<\/section>\n\t\t\t\t<div class=\"elementor-element elementor-element-cf9d043 elementor-widget elementor-widget-cz_button\" data-id=\"cf9d043\" data-element_type=\"widget\" data-widget_type=\"cz_button.default\">\n\t\t\t\t<div class=\"elementor-widget-container\">\n\t\t\t\t\t<div class=\"cz_btn_block\">\r\n\t\t\t<div>\r\n\t\t\t\t<a href=\"https:\/\/3mk.cz\/en\/nabidka-skakacich-hradu\/\" class=\"cz_btn cz_btn_txt_no_fx cz_btn_move_up\">\r\n\r\n\t\t\t\t\t<span>\t\t\t\t\t\t<strong>NAB\u00cdDKA SLU\u017dEB\t\t\t\t\t\t\t\t\t\t\t\t\t<\/strong>\r\n\t\t\t\t\t\t\t\t\t\t\t<\/span>\r\n\r\n\t\t\t\t\t<b class=\"cz_btn_onhover\">\r\n\t\t\t\t\t\t\t\t\t\t\t\t<strong>\r\n\t\t\t\t\t\t\tNAB\u00cdDKA SLU\u017dEB\t\t\t\t\t\t\t\t\t\t\t\t\t<\/strong>\r\n\t\t\t\t\t\t\t\t\t\t\t<\/b>\r\n\r\n\t\t\t\t<\/a>\r\n\t\t\t<\/div>\r\n\t\t<\/div> \t\t\t\t<\/div>\n\t\t\t\t<\/div>\n\t\t\t\t<div class=\"elementor-element elementor-element-530f5b2 elementor-widget elementor-widget-cz_gap\" data-id=\"530f5b2\" data-element_type=\"widget\" data-widget_type=\"cz_gap.default\">\n\t\t\t\t<div class=\"elementor-widget-container\">\n\t\t\t<div class=\"cz_gap clr\"><\/div>\t\t<\/div>\n\t\t\t\t<\/div>\n\t\t\t\t<div class=\"elementor-element elementor-element-baf7708 elementor-widget elementor-widget-cz_gap\" data-id=\"baf7708\" data-element_type=\"widget\" data-widget_type=\"cz_gap.default\">\n\t\t\t\t<div class=\"elementor-widget-container\">\n\t\t\t<div class=\"cz_gap clr\"><\/div>\t\t<\/div>\n\t\t\t\t<\/div>\n\t\t\t\t\t<\/div>\n\t\t<\/div>\n\t\t\t\t\t\t\t<\/div>\n\t\t<\/section>\n\t\t\t\t<section class=\"elementor-section elementor-top-section elementor-element elementor-element-1cc33b8 elementor-section-stretched elementor-section-boxed elementor-section-height-default elementor-section-height-default\" data-id=\"1cc33b8\" data-element_type=\"section\" data-settings=\"{&quot;stretch_section&quot;:&quot;section-stretched&quot;,&quot;background_background&quot;:&quot;classic&quot;}\">\n\t\t\t\t\t\t<div class=\"elementor-container elementor-column-gap-default\">\n\t\t\t\t\t<div class=\"elementor-column elementor-col-100 elementor-top-column elementor-element elementor-element-29b5a338\" data-id=\"29b5a338\" data-element_type=\"column\">\n\t\t\t<div class=\"elementor-widget-wrap elementor-element-populated\">\n\t\t\t\t\t\t\t\t<section class=\"elementor-section elementor-inner-section elementor-element elementor-element-71cf7d3f elementor-section-boxed elementor-section-height-default elementor-section-height-default\" data-id=\"71cf7d3f\" data-element_type=\"section\">\n\t\t\t\t\t\t<div class=\"elementor-container elementor-column-gap-default\">\n\t\t\t\t\t<div class=\"elementor-column elementor-col-100 elementor-inner-column elementor-element elementor-element-b706b69\" data-id=\"b706b69\" data-element_type=\"column\">\n\t\t\t<div class=\"elementor-widget-wrap\">\n\t\t\t\t\t\t\t\t\t<\/div>\n\t\t<\/div>\n\t\t\t\t\t\t\t<\/div>\n\t\t<\/section>\n\t\t\t\t\t<\/div>\n\t\t<\/div>\n\t\t\t\t\t\t\t<\/div>\n\t\t<\/section>\n\t\t\t\t\t\t\t<\/div>","protected":false},"excerpt":{"rendered":"<p>PRON\u00c1JEM SK\u00c1KAC\u00cdCH HRAD\u016e \u00a0 Pronaj\u00edm\u00e1me sk\u00e1kac\u00ed atrakce. Pl\u00e1nujete svatbu, velkou nebo &#8230; <\/p>","protected":false},"author":1,"featured_media":0,"parent":0,"menu_order":0,"comment_status":"closed","ping_status":"closed","template":"","meta":[],"yoast_head":"<!-- This site is optimized with the Yoast SEO plugin v20.5 - https:\/\/yoast.com\/wordpress\/plugins\/seo\/ -->\n<title>Dom\u016f - 3MK S.R.O.<\/title>\n<meta name=\"description\" content=\"Spole\u010dnost 3MK s.r.o. Nab\u00edz\u00edme pron\u00e1jem sk\u00e1kac\u00edch Hrad\u016f v okol\u00ed Krom\u011b\u0159\u00ed\u017ee a tak\u00e9 prodej dom\u00e1c\u00edho medu z na\u0161\u00ed v\u010delnice.\" \/>\n<meta name=\"robots\" content=\"index, follow, max-snippet:-1, max-image-preview:large, max-video-preview:-1\" \/>\n<link rel=\"canonical\" href=\"https:\/\/3mk.cz\/en\/\" \/>\n<meta property=\"og:locale\" content=\"en_GB\" \/>\n<meta property=\"og:type\" content=\"article\" \/>\n<meta property=\"og:title\" content=\"Pron\u00e1jem sk\u00e1kac\u00edch Hrad\u016f Krom\u011b\u0159\u00ed\u017e a okol\u00ed - 3MK s.r.o.\" \/>\n<meta property=\"og:description\" content=\"Spole\u010dnost 3MK s.r.o. Nab\u00edz\u00edme pron\u00e1jem sk\u00e1kac\u00edch Hrad\u016f v okol\u00ed Krom\u011b\u0159\u00ed\u017ee a tak\u00e9 prodej dom\u00e1c\u00edho medu z na\u0161\u00ed v\u010delnice.\" \/>\n<meta property=\"og:url\" content=\"https:\/\/3mk.cz\/en\/\" \/>\n<meta property=\"og:site_name\" content=\"3MK S.R.O.\" \/>\n<meta property=\"article:modified_time\" content=\"2024-02-12T19:19:39+00:00\" \/>\n<meta property=\"og:image\" content=\"https:\/\/3mk.cz\/wp-content\/uploads\/2022\/08\/Pronajem-skakacich-hradu-viz-1.jpg\" \/>\n\t<meta property=\"og:image:width\" content=\"1066\" \/>\n\t<meta property=\"og:image:height\" content=\"594\" \/>\n\t<meta property=\"og:image:type\" content=\"image\/jpeg\" \/>\n<meta name=\"twitter:card\" content=\"summary_large_image\" \/>\n<meta name=\"twitter:label1\" content=\"Estimated reading time\" \/>\n\t<meta name=\"twitter:data1\" content=\"1 minute\" \/>\n<script type=\"application\/ld+json\" class=\"yoast-schema-graph\">{\"@context\":\"https:\/\/schema.org\",\"@graph\":[{\"@type\":\"WebPage\",\"@id\":\"https:\/\/3mk.cz\/\",\"url\":\"https:\/\/3mk.cz\/\",\"name\":\"Dom\u016f - 3MK S.R.O.\",\"isPartOf\":{\"@id\":\"https:\/\/3mk.cz\/#website\"},\"datePublished\":\"2018-05-29T11:10:26+00:00\",\"dateModified\":\"2024-02-12T19:19:39+00:00\",\"description\":\"Spole\u010dnost 3MK s.r.o. Nab\u00edz\u00edme pron\u00e1jem sk\u00e1kac\u00edch Hrad\u016f v okol\u00ed Krom\u011b\u0159\u00ed\u017ee a tak\u00e9 prodej dom\u00e1c\u00edho medu z na\u0161\u00ed v\u010delnice.\",\"breadcrumb\":{\"@id\":\"https:\/\/3mk.cz\/#breadcrumb\"},\"inLanguage\":\"en-GB\",\"potentialAction\":[{\"@type\":\"ReadAction\",\"target\":[\"https:\/\/3mk.cz\/\"]}]},{\"@type\":\"BreadcrumbList\",\"@id\":\"https:\/\/3mk.cz\/#breadcrumb\",\"itemListElement\":[{\"@type\":\"ListItem\",\"position\":1,\"name\":\"Dom\u016f\",\"item\":\"https:\/\/3mk.cz\/\"},{\"@type\":\"ListItem\",\"position\":2,\"name\":\"Dom\u016f\"}]},{\"@type\":\"WebSite\",\"@id\":\"https:\/\/3mk.cz\/#website\",\"url\":\"https:\/\/3mk.cz\/\",\"name\":\"3MK S.R.O.\",\"description\":\"Pron\u00e1jem sk\u00e1kac\u00edch hrad\u016f\",\"publisher\":{\"@id\":\"https:\/\/3mk.cz\/#organization\"},\"potentialAction\":[{\"@type\":\"SearchAction\",\"target\":{\"@type\":\"EntryPoint\",\"urlTemplate\":\"https:\/\/3mk.cz\/?s={search_term_string}\"},\"query-input\":\"required name=search_term_string\"}],\"inLanguage\":\"en-GB\"},{\"@type\":\"Organization\",\"@id\":\"https:\/\/3mk.cz\/#organization\",\"name\":\"3MK S.R.O.\",\"url\":\"https:\/\/3mk.cz\/\",\"logo\":{\"@type\":\"ImageObject\",\"inLanguage\":\"en-GB\",\"@id\":\"https:\/\/3mk.cz\/#\/schema\/logo\/image\/\",\"url\":\"https:\/\/3mk.cz\/wp-content\/uploads\/2022\/08\/456.jpg\",\"contentUrl\":\"https:\/\/3mk.cz\/wp-content\/uploads\/2022\/08\/456.jpg\",\"width\":1516,\"height\":425,\"caption\":\"3MK S.R.O.\"},\"image\":{\"@id\":\"https:\/\/3mk.cz\/#\/schema\/logo\/image\/\"}}]}<\/script>\n<!-- \/ Yoast SEO plugin. -->","yoast_head_json":{"title":"Dom\u016f - 3MK S.R.O.","description":"Spole\u010dnost 3MK s.r.o. Nab\u00edz\u00edme pron\u00e1jem sk\u00e1kac\u00edch Hrad\u016f v okol\u00ed Krom\u011b\u0159\u00ed\u017ee a tak\u00e9 prodej dom\u00e1c\u00edho medu z na\u0161\u00ed v\u010delnice.","robots":{"index":"index","follow":"follow","max-snippet":"max-snippet:-1","max-image-preview":"max-image-preview:large","max-video-preview":"max-video-preview:-1"},"canonical":"https:\/\/3mk.cz\/en\/","og_locale":"en_GB","og_type":"article","og_title":"Pron\u00e1jem sk\u00e1kac\u00edch Hrad\u016f Krom\u011b\u0159\u00ed\u017e a okol\u00ed - 3MK s.r.o.","og_description":"Spole\u010dnost 3MK s.r.o. Nab\u00edz\u00edme pron\u00e1jem sk\u00e1kac\u00edch Hrad\u016f v okol\u00ed Krom\u011b\u0159\u00ed\u017ee a tak\u00e9 prodej dom\u00e1c\u00edho medu z na\u0161\u00ed v\u010delnice.","og_url":"https:\/\/3mk.cz\/en\/","og_site_name":"3MK S.R.O.","article_modified_time":"2024-02-12T19:19:39+00:00","og_image":[{"width":1066,"height":594,"url":"https:\/\/3mk.cz\/wp-content\/uploads\/2022\/08\/Pronajem-skakacich-hradu-viz-1.jpg","type":"image\/jpeg"}],"twitter_card":"summary_large_image","twitter_misc":{"Estimated reading time":"1 minute"},"schema":{"@context":"https:\/\/schema.org","@graph":[{"@type":"WebPage","@id":"https:\/\/3mk.cz\/","url":"https:\/\/3mk.cz\/","name":"Dom\u016f - 3MK S.R.O.","isPartOf":{"@id":"https:\/\/3mk.cz\/#website"},"datePublished":"2018-05-29T11:10:26+00:00","dateModified":"2024-02-12T19:19:39+00:00","description":"Spole\u010dnost 3MK s.r.o. Nab\u00edz\u00edme pron\u00e1jem sk\u00e1kac\u00edch Hrad\u016f v okol\u00ed Krom\u011b\u0159\u00ed\u017ee a tak\u00e9 prodej dom\u00e1c\u00edho medu z na\u0161\u00ed v\u010delnice.","breadcrumb":{"@id":"https:\/\/3mk.cz\/#breadcrumb"},"inLanguage":"en-GB","potentialAction":[{"@type":"ReadAction","target":["https:\/\/3mk.cz\/"]}]},{"@type":"BreadcrumbList","@id":"https:\/\/3mk.cz\/#breadcrumb","itemListElement":[{"@type":"ListItem","position":1,"name":"Dom\u016f","item":"https:\/\/3mk.cz\/"},{"@type":"ListItem","position":2,"name":"Dom\u016f"}]},{"@type":"WebSite","@id":"https:\/\/3mk.cz\/#website","url":"https:\/\/3mk.cz\/","name":"3MK S.R.O.","description":"Pron\u00e1jem sk\u00e1kac\u00edch hrad\u016f","publisher":{"@id":"https:\/\/3mk.cz\/#organization"},"potentialAction":[{"@type":"SearchAction","target":{"@type":"EntryPoint","urlTemplate":"https:\/\/3mk.cz\/?s={search_term_string}"},"query-input":"required name=search_term_string"}],"inLanguage":"en-GB"},{"@type":"Organization","@id":"https:\/\/3mk.cz\/#organization","name":"3MK S.R.O.","url":"https:\/\/3mk.cz\/","logo":{"@type":"ImageObject","inLanguage":"en-GB","@id":"https:\/\/3mk.cz\/#\/schema\/logo\/image\/","url":"https:\/\/3mk.cz\/wp-content\/uploads\/2022\/08\/456.jpg","contentUrl":"https:\/\/3mk.cz\/wp-content\/uploads\/2022\/08\/456.jpg","width":1516,"height":425,"caption":"3MK S.R.O."},"image":{"@id":"https:\/\/3mk.cz\/#\/schema\/logo\/image\/"}}]}},"_links":{"self":[{"href":"https:\/\/3mk.cz\/en\/wp-json\/wp\/v2\/pages\/880"}],"collection":[{"href":"https:\/\/3mk.cz\/en\/wp-json\/wp\/v2\/pages"}],"about":[{"href":"https:\/\/3mk.cz\/en\/wp-json\/wp\/v2\/types\/page"}],"author":[{"embeddable":true,"href":"https:\/\/3mk.cz\/en\/wp-json\/wp\/v2\/users\/1"}],"replies":[{"embeddable":true,"href":"https:\/\/3mk.cz\/en\/wp-json\/wp\/v2\/comments?post=880"}],"version-history":[{"count":315,"href":"https:\/\/3mk.cz\/en\/wp-json\/wp\/v2\/pages\/880\/revisions"}],"predecessor-version":[{"id":2672,"href":"https:\/\/3mk.cz\/en\/wp-json\/wp\/v2\/pages\/880\/revisions\/2672"}],"wp:attachment":[{"href":"https:\/\/3mk.cz\/en\/wp-json\/wp\/v2\/media?parent=880"}],"curies":[{"name":"wp","href":"https:\/\/api.w.org\/{rel}","templated":true}]}}